{"id":1167,"date":"2025-02-12T14:59:18","date_gmt":"2025-02-12T18:59:18","guid":{"rendered":"https:\/\/www.locationenaction.com\/?page_id=1167"},"modified":"2025-02-15T19:31:19","modified_gmt":"2025-02-15T23:31:19","slug":"tenants","status":"publish","type":"page","link":"https:\/\/www.locationenaction.com\/en\/tenants\/","title":{"rendered":"Tenants"},"content":{"rendered":"<p>[et_pb_section fb_built=&#8221;1&#8243; _builder_version=&#8221;4.27.2&#8243; _module_preset=&#8221;default&#8221; custom_margin=&#8221;||||false|false&#8221; custom_padding=&#8221;||||false|false&#8221; locked=&#8221;off&#8221; global_colors_info=&#8221;{}&#8221;][et_pb_row _builder_version=&#8221;4.27.2&#8243; _module_preset=&#8221;default&#8221; global_colors_info=&#8221;{}&#8221;][et_pb_column type=&#8221;4_4&#8243; _builder_version=&#8221;4.27.2&#8243; _module_preset=&#8221;default&#8221; global_colors_info=&#8221;{}&#8221;][et_pb_text _builder_version=&#8221;4.27.2&#8243; _module_preset=&#8221;default&#8221; hover_enabled=&#8221;0&#8243; global_colors_info=&#8221;{}&#8221; sticky_enabled=&#8221;0&#8243;]<\/p>\n<p><strong><img loading=\"lazy\" decoding=\"async\" class=\"alignnone wp-image-1215 size-large\" src=\"https:\/\/www.locationenaction.com\/wp-content\/uploads\/2025\/02\/locataire-ang-medv2-1024x452.jpg\" alt=\"\" width=\"1024\" height=\"452\" srcset=\"https:\/\/www.locationenaction.com\/wp-content\/uploads\/2025\/02\/locataire-ang-medv2-1024x452.jpg 1024w, https:\/\/www.locationenaction.com\/wp-content\/uploads\/2025\/02\/locataire-ang-medv2-980x432.jpg 980w, https:\/\/www.locationenaction.com\/wp-content\/uploads\/2025\/02\/locataire-ang-medv2-480x212.jpg 480w\" sizes=\"(min-width: 0px) and (max-width: 480px) 480px, (min-width: 481px) and (max-width: 980px) 980px, (min-width: 981px) 1024px, 100vw\" \/>Find your ideal home with Location En Action!<\/strong><\/p>\n<p>Looking for a new apartment?<strong> Location En Action<\/strong> helps you quickly find a home that meets your needs! We have a wide selection of apartments available in many regions of Quebec.<\/p>\n<p><img loading=\"lazy\" decoding=\"async\" class=\"alignnone wp-image-1209\" src=\"https:\/\/www.locationenaction.com\/wp-content\/uploads\/2025\/02\/coche-mauve-150x150.jpg\" alt=\"\" width=\"20\" height=\"20\" \/>Quick and easy process<br \/><img loading=\"lazy\" decoding=\"async\" class=\"alignnone wp-image-1209\" src=\"https:\/\/www.locationenaction.com\/wp-content\/uploads\/2025\/02\/coche-mauve-150x150.jpg\" alt=\"\" width=\"20\" height=\"20\" \/>Visits organized according to your schedule<br \/><img loading=\"lazy\" decoding=\"async\" class=\"alignnone wp-image-1209\" src=\"https:\/\/www.locationenaction.com\/wp-content\/uploads\/2025\/02\/coche-mauve-150x150.jpg\" alt=\"\" width=\"20\" height=\"20\" \/>Support every step of the way<\/p>\n<p>Our dedicated team ensures that your rental experience is<strong> easy, seamless and stress-free.<\/strong> Find your next home today!<\/p>\n<p>Contact us for availability!<\/p>\n<p><a href=\"mailto:Gestion@locationenaction.com\">Gestion@locationenaction.com<\/a><\/p>\n<p><a href=\"tel:4505235683\">450.523.LOUE (5683)<\/a><\/p>\n<p>[\/et_pb_text][\/et_pb_column][\/et_pb_row][\/et_pb_section]<\/p>\n","protected":false},"excerpt":{"rendered":"<p>Find your ideal home with Location En Action! Looking for a new apartment? Location En Action helps you quickly find a home that meets your needs! We have a wide selection of apartments available in many regions of Quebec. Quick and easy processVisits organized according to your scheduleSupport every step of the way Our dedicated [&hellip;]<\/p>\n","protected":false},"author":3456,"featured_media":0,"parent":0,"menu_order":0,"comment_status":"closed","ping_status":"closed","template":"","meta":{"_et_pb_use_builder":"on","_et_pb_old_content":"<p>[et_pb_section fb_built=\"1\" _builder_version=\"4.27.2\" _module_preset=\"default\" custom_margin=\"||||false|false\" custom_padding=\"||||false|false\" locked=\"off\" global_colors_info=\"{}\"][et_pb_row _builder_version=\"4.27.2\" _module_preset=\"default\" global_colors_info=\"{}\"][et_pb_column type=\"4_4\" _builder_version=\"4.27.2\" _module_preset=\"default\" global_colors_info=\"{}\"][et_pb_text _builder_version=\"4.27.2\" _module_preset=\"default\" hover_enabled=\"0\" global_colors_info=\"{}\" sticky_enabled=\"0\"]<\/p><p><strong>Trouvez votre logement id\u00e9al avec Location En Action!<\/strong><\/p><p>\u00c0 la recherche d\u2019un nouvel appartement?\u00a0<strong>Location En Action<\/strong>\u00a0vous aide \u00e0 trouver rapidement un logement qui r\u00e9pond \u00e0 vos besoins! Nous avons un large choix d\u2019appartements disponibles dans plusieurs r\u00e9gions du Qu\u00e9bec.<\/p><ul><li>Processus simple et rapide<\/li><li>Visites organis\u00e9es selon votre horaire<\/li><li>Accompagnement \u00e0 chaque \u00e9tape de la location<\/li><\/ul><p>Notre \u00e9quipe d\u00e9vou\u00e9e s\u2019assure que votre exp\u00e9rience de location soit\u00a0<strong>facile, transparente et sans stress<\/strong>. Trouvez votre prochain chez-vous d\u00e8s aujourd\u2019hui!<\/p><p>Contactez nous pour d\u00e9couvrir nos disponibilit\u00e9s!<\/p><p><a href=\"mailto:Gestion@locationenaction.com\">Gestion@locationenaction.com<\/a><\/p><p>450.523.LOUE (5683)<\/p><p>[\/et_pb_text][\/et_pb_column][\/et_pb_row][\/et_pb_section]<\/p>","_et_gb_content_width":"","footnotes":""},"class_list":["post-1167","page","type-page","status-publish","hentry"],"yoast_head":"<!-- This site is optimized with the Yoast SEO plugin v26.4 - https:\/\/yoast.com\/wordpress\/plugins\/seo\/ -->\n<title>Tenants - Location en Action<\/title>\n<meta name=\"robots\" content=\"index, follow, max-snippet:-1, max-image-preview:large, max-video-preview:-1\" \/>\n<link rel=\"canonical\" href=\"https:\/\/www.locationenaction.com\/en\/tenants\/\" \/>\n<meta property=\"og:locale\" content=\"en_US\" \/>\n<meta property=\"og:type\" content=\"article\" \/>\n<meta property=\"og:title\" content=\"Tenants - Location en Action\" \/>\n<meta property=\"og:description\" content=\"Find your ideal home with Location En Action! Looking for a new apartment? Location En Action helps you quickly find a home that meets your needs! We have a wide selection of apartments available in many regions of Quebec. Quick and easy processVisits organized according to your scheduleSupport every step of the way Our dedicated [&hellip;]\" \/>\n<meta property=\"og:url\" content=\"https:\/\/www.locationenaction.com\/en\/tenants\/\" \/>\n<meta property=\"og:site_name\" content=\"Location en Action\" \/>\n<meta property=\"article:modified_time\" content=\"2025-02-15T23:31:19+00:00\" \/>\n<meta property=\"og:image\" content=\"https:\/\/www.locationenaction.com\/wp-content\/uploads\/2025\/02\/locataire-ang-medv2.jpg\" \/>\n\t<meta property=\"og:image:width\" content=\"1179\" \/>\n\t<meta property=\"og:image:height\" content=\"520\" \/>\n\t<meta property=\"og:image:type\" content=\"image\/jpeg\" \/>\n<meta name=\"twitter:label1\" content=\"Est. reading time\" \/>\n\t<meta name=\"twitter:data1\" content=\"2 minutes\" \/>\n<script type=\"application\/ld+json\" class=\"yoast-schema-graph\">{\"@context\":\"https:\/\/schema.org\",\"@graph\":[{\"@type\":\"WebPage\",\"@id\":\"https:\/\/www.locationenaction.com\/en\/tenants\/\",\"url\":\"https:\/\/www.locationenaction.com\/en\/tenants\/\",\"name\":\"Tenants - Location en Action\",\"isPartOf\":{\"@id\":\"https:\/\/www.locationenaction.com\/en\/#website\"},\"primaryImageOfPage\":{\"@id\":\"https:\/\/www.locationenaction.com\/en\/tenants\/#primaryimage\"},\"image\":{\"@id\":\"https:\/\/www.locationenaction.com\/en\/tenants\/#primaryimage\"},\"thumbnailUrl\":\"https:\/\/www.locationenaction.com\/wp-content\/uploads\/2025\/02\/locataire-ang-medv2-1024x452.jpg\",\"datePublished\":\"2025-02-12T18:59:18+00:00\",\"dateModified\":\"2025-02-15T23:31:19+00:00\",\"breadcrumb\":{\"@id\":\"https:\/\/www.locationenaction.com\/en\/tenants\/#breadcrumb\"},\"inLanguage\":\"en-US\",\"potentialAction\":[{\"@type\":\"ReadAction\",\"target\":[\"https:\/\/www.locationenaction.com\/en\/tenants\/\"]}]},{\"@type\":\"ImageObject\",\"inLanguage\":\"en-US\",\"@id\":\"https:\/\/www.locationenaction.com\/en\/tenants\/#primaryimage\",\"url\":\"https:\/\/www.locationenaction.com\/wp-content\/uploads\/2025\/02\/locataire-ang-medv2-1024x452.jpg\",\"contentUrl\":\"https:\/\/www.locationenaction.com\/wp-content\/uploads\/2025\/02\/locataire-ang-medv2-1024x452.jpg\"},{\"@type\":\"BreadcrumbList\",\"@id\":\"https:\/\/www.locationenaction.com\/en\/tenants\/#breadcrumb\",\"itemListElement\":[{\"@type\":\"ListItem\",\"position\":1,\"name\":\"Home\",\"item\":\"https:\/\/www.locationenaction.com\/en\/\"},{\"@type\":\"ListItem\",\"position\":2,\"name\":\"Tenants\"}]},{\"@type\":\"WebSite\",\"@id\":\"https:\/\/www.locationenaction.com\/en\/#website\",\"url\":\"https:\/\/www.locationenaction.com\/en\/\",\"name\":\"Location en Action\",\"description\":\"Professionnel de la location\",\"publisher\":{\"@id\":\"https:\/\/www.locationenaction.com\/en\/#organization\"},\"potentialAction\":[{\"@type\":\"SearchAction\",\"target\":{\"@type\":\"EntryPoint\",\"urlTemplate\":\"https:\/\/www.locationenaction.com\/en\/?s={search_term_string}\"},\"query-input\":{\"@type\":\"PropertyValueSpecification\",\"valueRequired\":true,\"valueName\":\"search_term_string\"}}],\"inLanguage\":\"en-US\"},{\"@type\":\"Organization\",\"@id\":\"https:\/\/www.locationenaction.com\/en\/#organization\",\"name\":\"Location en Action\",\"url\":\"https:\/\/www.locationenaction.com\/en\/\",\"logo\":{\"@type\":\"ImageObject\",\"inLanguage\":\"en-US\",\"@id\":\"https:\/\/www.locationenaction.com\/en\/#\/schema\/logo\/image\/\",\"url\":\"https:\/\/www.locationenaction.com\/wp-content\/uploads\/2023\/10\/cropped-WEB_MINI_LOGO-1.jpg\",\"contentUrl\":\"https:\/\/www.locationenaction.com\/wp-content\/uploads\/2023\/10\/cropped-WEB_MINI_LOGO-1.jpg\",\"width\":250,\"height\":250,\"caption\":\"Location en Action\"},\"image\":{\"@id\":\"https:\/\/www.locationenaction.com\/en\/#\/schema\/logo\/image\/\"}}]}<\/script>\n<!-- \/ Yoast SEO plugin. -->","yoast_head_json":{"title":"Tenants - Location en Action","robots":{"index":"index","follow":"follow","max-snippet":"max-snippet:-1","max-image-preview":"max-image-preview:large","max-video-preview":"max-video-preview:-1"},"canonical":"https:\/\/www.locationenaction.com\/en\/tenants\/","og_locale":"en_US","og_type":"article","og_title":"Tenants - Location en Action","og_description":"Find your ideal home with Location En Action! Looking for a new apartment? Location En Action helps you quickly find a home that meets your needs! We have a wide selection of apartments available in many regions of Quebec. Quick and easy processVisits organized according to your scheduleSupport every step of the way Our dedicated [&hellip;]","og_url":"https:\/\/www.locationenaction.com\/en\/tenants\/","og_site_name":"Location en Action","article_modified_time":"2025-02-15T23:31:19+00:00","og_image":[{"width":1179,"height":520,"url":"https:\/\/www.locationenaction.com\/wp-content\/uploads\/2025\/02\/locataire-ang-medv2.jpg","type":"image\/jpeg"}],"twitter_misc":{"Est. reading time":"2 minutes"},"schema":{"@context":"https:\/\/schema.org","@graph":[{"@type":"WebPage","@id":"https:\/\/www.locationenaction.com\/en\/tenants\/","url":"https:\/\/www.locationenaction.com\/en\/tenants\/","name":"Tenants - Location en Action","isPartOf":{"@id":"https:\/\/www.locationenaction.com\/en\/#website"},"primaryImageOfPage":{"@id":"https:\/\/www.locationenaction.com\/en\/tenants\/#primaryimage"},"image":{"@id":"https:\/\/www.locationenaction.com\/en\/tenants\/#primaryimage"},"thumbnailUrl":"https:\/\/www.locationenaction.com\/wp-content\/uploads\/2025\/02\/locataire-ang-medv2-1024x452.jpg","datePublished":"2025-02-12T18:59:18+00:00","dateModified":"2025-02-15T23:31:19+00:00","breadcrumb":{"@id":"https:\/\/www.locationenaction.com\/en\/tenants\/#breadcrumb"},"inLanguage":"en-US","potentialAction":[{"@type":"ReadAction","target":["https:\/\/www.locationenaction.com\/en\/tenants\/"]}]},{"@type":"ImageObject","inLanguage":"en-US","@id":"https:\/\/www.locationenaction.com\/en\/tenants\/#primaryimage","url":"https:\/\/www.locationenaction.com\/wp-content\/uploads\/2025\/02\/locataire-ang-medv2-1024x452.jpg","contentUrl":"https:\/\/www.locationenaction.com\/wp-content\/uploads\/2025\/02\/locataire-ang-medv2-1024x452.jpg"},{"@type":"BreadcrumbList","@id":"https:\/\/www.locationenaction.com\/en\/tenants\/#breadcrumb","itemListElement":[{"@type":"ListItem","position":1,"name":"Home","item":"https:\/\/www.locationenaction.com\/en\/"},{"@type":"ListItem","position":2,"name":"Tenants"}]},{"@type":"WebSite","@id":"https:\/\/www.locationenaction.com\/en\/#website","url":"https:\/\/www.locationenaction.com\/en\/","name":"Location en Action","description":"Professionnel de la location","publisher":{"@id":"https:\/\/www.locationenaction.com\/en\/#organization"},"potentialAction":[{"@type":"SearchAction","target":{"@type":"EntryPoint","urlTemplate":"https:\/\/www.locationenaction.com\/en\/?s={search_term_string}"},"query-input":{"@type":"PropertyValueSpecification","valueRequired":true,"valueName":"search_term_string"}}],"inLanguage":"en-US"},{"@type":"Organization","@id":"https:\/\/www.locationenaction.com\/en\/#organization","name":"Location en Action","url":"https:\/\/www.locationenaction.com\/en\/","logo":{"@type":"ImageObject","inLanguage":"en-US","@id":"https:\/\/www.locationenaction.com\/en\/#\/schema\/logo\/image\/","url":"https:\/\/www.locationenaction.com\/wp-content\/uploads\/2023\/10\/cropped-WEB_MINI_LOGO-1.jpg","contentUrl":"https:\/\/www.locationenaction.com\/wp-content\/uploads\/2023\/10\/cropped-WEB_MINI_LOGO-1.jpg","width":250,"height":250,"caption":"Location en Action"},"image":{"@id":"https:\/\/www.locationenaction.com\/en\/#\/schema\/logo\/image\/"}}]}},"_links":{"self":[{"href":"https:\/\/www.locationenaction.com\/en\/wp-json\/wp\/v2\/pages\/1167","targetHints":{"allow":["GET"]}}],"collection":[{"href":"https:\/\/www.locationenaction.com\/en\/wp-json\/wp\/v2\/pages"}],"about":[{"href":"https:\/\/www.locationenaction.com\/en\/wp-json\/wp\/v2\/types\/page"}],"author":[{"embeddable":true,"href":"https:\/\/www.locationenaction.com\/en\/wp-json\/wp\/v2\/users\/3456"}],"replies":[{"embeddable":true,"href":"https:\/\/www.locationenaction.com\/en\/wp-json\/wp\/v2\/comments?post=1167"}],"version-history":[{"count":5,"href":"https:\/\/www.locationenaction.com\/en\/wp-json\/wp\/v2\/pages\/1167\/revisions"}],"predecessor-version":[{"id":1217,"href":"https:\/\/www.locationenaction.com\/en\/wp-json\/wp\/v2\/pages\/1167\/revisions\/1217"}],"wp:attachment":[{"href":"https:\/\/www.locationenaction.com\/en\/wp-json\/wp\/v2\/media?parent=1167"}],"curies":[{"name":"wp","href":"https:\/\/api.w.org\/{rel}","templated":true}]}}